{"id":79,"date":"2022-08-07T11:49:04","date_gmt":"2022-08-07T14:49:04","guid":{"rendered":"https:\/\/nuntiumbr.com.br\/?page_id=79"},"modified":"2022-08-16T17:09:05","modified_gmt":"2022-08-16T20:09:05","slug":"biosseguranca","status":"publish","type":"page","link":"https:\/\/nuntiumbr.com.br\/index.php\/biosseguranca\/","title":{"rendered":"Biosseguran\u00e7a"},"content":{"rendered":"\n<figure class=\"wp-block-image aligncenter size-large is-resized\"><img loading=\"lazy\" decoding=\"async\" src=\"https:\/\/nuntiumbr.com.br\/wp-content\/uploads\/2022\/08\/banner-inf-control4-1024x512.png\" alt=\"\" class=\"wp-image-102\" width=\"1111\" height=\"559\"\/><\/figure>\n\n\n\n<h2 class=\"wp-block-heading\">Curso de &#8220;Fundamentos em Controle de Infec\u00e7\u00f5es Hospitalares&#8221;<\/h2>\n\n\n\n<div class=\"wp-block-columns is-layout-flex wp-container-core-columns-is-layout-28f84493 wp-block-columns-is-layout-flex\">\n<div class=\"wp-block-column is-layout-flow wp-block-column-is-layout-flow\">\n<p>Curso de Fundamentos em Controle de Infec\u00e7\u00f5es Hospitalares com o Dr. Igor Precinoti, especialista em infectologia.<\/p>\n\n\n\n<p>Ocorre de forma presencial no dia 25 de agosto de 2022 entre 19:00h no Audit\u00f3rio da Unimed de Birigui-SP.<\/p>\n\n\n\n<p>Investimento: R$55,00<\/p>\n\n\n\n<p>Vagas: 100<\/p>\n\n\n\n<div id=\"eventbrite-widget-container-397979396087\"><\/div>\n\n<script src=\"https:\/\/www.eventbrite.com.br\/static\/widgets\/eb_widgets.js\"><\/script>\n\n<script type=\"text\/javascript\">\n    var exampleCallback = function() {\n        console.log('Order complete!');\n    };\n\n    window.EBWidgets.createWidget({\n        \/\/ Required\n        widgetType: 'checkout',\n        eventId: '397979396087',\n        iframeContainerId: 'eventbrite-widget-container-397979396087',\n\n        \/\/ Optional\n        iframeContainerHeight: 425,  \/\/ Widget height in pixels. Defaults to a minimum of 425px if not provided\n        onOrderComplete: exampleCallback  \/\/ Method called when an order has successfully completed\n    });\n<\/script>\n<\/div>\n<\/div>\n","protected":false},"excerpt":{"rendered":"<p>Curso de &#8220;Fundamentos em Controle de Infec\u00e7\u00f5es Hospitalares&#8221; Curso de Fundamentos em Controle de Infec\u00e7\u00f5es Hospitalares com o Dr. Igor Precinoti, especialista em infectologia. Ocorre de forma presencial no dia 25 de agosto de 2022 entre 19:00h no Audit\u00f3rio da Unimed de Birigui-SP. Investimento: R$55,00 Vagas: 100<\/p>\n","protected":false},"author":1,"featured_media":0,"parent":0,"menu_order":0,"comment_status":"closed","ping_status":"closed","template":"","meta":{"footnotes":""},"class_list":["post-79","page","type-page","status-publish","hentry"],"jetpack_sharing_enabled":true,"_links":{"self":[{"href":"https:\/\/nuntiumbr.com.br\/index.php\/wp-json\/wp\/v2\/pages\/79","targetHints":{"allow":["GET"]}}],"collection":[{"href":"https:\/\/nuntiumbr.com.br\/index.php\/wp-json\/wp\/v2\/pages"}],"about":[{"href":"https:\/\/nuntiumbr.com.br\/index.php\/wp-json\/wp\/v2\/types\/page"}],"author":[{"embeddable":true,"href":"https:\/\/nuntiumbr.com.br\/index.php\/wp-json\/wp\/v2\/users\/1"}],"replies":[{"embeddable":true,"href":"https:\/\/nuntiumbr.com.br\/index.php\/wp-json\/wp\/v2\/comments?post=79"}],"version-history":[{"count":9,"href":"https:\/\/nuntiumbr.com.br\/index.php\/wp-json\/wp\/v2\/pages\/79\/revisions"}],"predecessor-version":[{"id":104,"href":"https:\/\/nuntiumbr.com.br\/index.php\/wp-json\/wp\/v2\/pages\/79\/revisions\/104"}],"wp:attachment":[{"href":"https:\/\/nuntiumbr.com.br\/index.php\/wp-json\/wp\/v2\/media?parent=79"}],"curies":[{"name":"wp","href":"https:\/\/api.w.org\/{rel}","templated":true}]}}