{"id":509,"date":"2022-10-27T07:11:56","date_gmt":"2022-10-27T10:11:56","guid":{"rendered":"https:\/\/nuntiumbr.com.br\/?page_id=509"},"modified":"2022-12-16T15:44:48","modified_gmt":"2022-12-16T18:44:48","slug":"interpretacao-de-exames-laboratoriais","status":"publish","type":"page","link":"https:\/\/nuntiumbr.com.br\/index.php\/interpretacao-de-exames-laboratoriais\/","title":{"rendered":"Interpreta\u00e7\u00e3o de exames laboratoriais"},"content":{"rendered":"\n<h2 class=\"wp-block-heading\">Interpreta\u00e7\u00e3o de exames laboratoriais<\/h2>\n\n\n\n<p>O curso, ap\u00f3s solicita\u00e7\u00e3o de inscritos e interessados, foi adiado para fevereiro, ap\u00f3s in\u00edcio de per\u00edodo letivo de universidades.<\/p>\n","protected":false},"excerpt":{"rendered":"<p>Interpreta\u00e7\u00e3o de exames laboratoriais O curso, ap\u00f3s solicita\u00e7\u00e3o de inscritos e interessados, foi adiado para fevereiro, ap\u00f3s in\u00edcio de per\u00edodo letivo de universidades.<\/p>\n","protected":false},"author":1,"featured_media":524,"parent":0,"menu_order":0,"comment_status":"closed","ping_status":"closed","template":"","meta":{"footnotes":""},"class_list":["post-509","page","type-page","status-publish","has-post-thumbnail","hentry"],"jetpack_sharing_enabled":true,"_links":{"self":[{"href":"https:\/\/nuntiumbr.com.br\/index.php\/wp-json\/wp\/v2\/pages\/509","targetHints":{"allow":["GET"]}}],"collection":[{"href":"https:\/\/nuntiumbr.com.br\/index.php\/wp-json\/wp\/v2\/pages"}],"about":[{"href":"https:\/\/nuntiumbr.com.br\/index.php\/wp-json\/wp\/v2\/types\/page"}],"author":[{"embeddable":true,"href":"https:\/\/nuntiumbr.com.br\/index.php\/wp-json\/wp\/v2\/users\/1"}],"replies":[{"embeddable":true,"href":"https:\/\/nuntiumbr.com.br\/index.php\/wp-json\/wp\/v2\/comments?post=509"}],"version-history":[{"count":12,"href":"https:\/\/nuntiumbr.com.br\/index.php\/wp-json\/wp\/v2\/pages\/509\/revisions"}],"predecessor-version":[{"id":565,"href":"https:\/\/nuntiumbr.com.br\/index.php\/wp-json\/wp\/v2\/pages\/509\/revisions\/565"}],"wp:featuredmedia":[{"embeddable":true,"href":"https:\/\/nuntiumbr.com.br\/index.php\/wp-json\/wp\/v2\/media\/524"}],"wp:attachment":[{"href":"https:\/\/nuntiumbr.com.br\/index.php\/wp-json\/wp\/v2\/media?parent=509"}],"curies":[{"name":"wp","href":"https:\/\/api.w.org\/{rel}","templated":true}]}}