{"id":442,"date":"2022-09-07T18:53:55","date_gmt":"2022-09-07T21:53:55","guid":{"rendered":"https:\/\/nuntiumbr.com.br\/?page_id=442"},"modified":"2023-03-17T19:11:01","modified_gmt":"2023-03-17T22:11:01","slug":"antibioticoterapia-clinica","status":"publish","type":"page","link":"https:\/\/nuntiumbr.com.br\/index.php\/antibioticoterapia-clinica\/","title":{"rendered":"Fundamentos de Antibioticoterapia Cl\u00ednica"},"content":{"rendered":"\n<p><\/p>\n\n\n\n<h1 class=\"wp-block-heading\">Fundamentos de Antibioticoterapia Cl\u00ednica<\/h1>\n\n\n\n<p><\/p>\n\n\n\n<div class=\"wp-block-columns is-layout-flex wp-container-core-columns-is-layout-28f84493 wp-block-columns-is-layout-flex\">\n<div class=\"wp-block-column is-layout-flow wp-block-column-is-layout-flow\">\n<p><strong>Totalmente online, muito claro, objetivo e de f\u00e1cil entendimento.<\/strong><\/p>\n\n\n\n<h2 class=\"wp-block-heading\">Descubra como\u00a0obter os melhores resultados de tratamentos por antibioticoterapia\u00a0nesse curso.<\/h2>\n\n\n\n<p class=\"has-large-font-size\">O curso de antibioticoterapia cl\u00ednica com o Prof Dr Igor Barcellos Precinoti foi pensado para voc\u00ea que tem interesse em elevar sua prescri\u00e7\u00e3o de antibi\u00f3ticos ao pr\u00f3ximo n\u00edvel. Inscreva-se agora!<\/p>\n\n\n\n<div style=\"height:18px\" aria-hidden=\"true\" class=\"wp-block-spacer\"><\/div>\n\n\n\n<div class=\"wp-block-buttons is-layout-flex wp-block-buttons-is-layout-flex\">\n<div class=\"wp-block-button has-custom-width wp-block-button__width-100\"><a class=\"wp-block-button__link has-vivid-cyan-blue-background-color has-background wp-element-button\" href=\"https:\/\/pay.hotmart.com\/P79922967A?sck=HOTMART_PRODUCT_PAGE&amp;off=zcz3febt&amp;bid=1679054232602&amp;_hi=eyJjaWQiOiIxNjc3MDA0ODY5NjU0MTgyMTk5NzMxNDI5NTQ2MDUwIiwiYmlkIjoiMTY3NzAwNDg2OTY1NDE4MjE5OTczMTQyOTU0NjA1MCIsInNpZCI6IjA1ZmJkNTIwNGVkMDQ5MzViZGRmOWVhMThmYzgwMDIwIn0%3D.1679088324873\" style=\"border-radius:9px;padding-top:var(--wp--preset--spacing--40);padding-right:var(--wp--preset--spacing--40);padding-bottom:var(--wp--preset--spacing--40);padding-left:var(--wp--preset--spacing--40)\" target=\"_blank\" rel=\"noreferrer noopener\">FAZER INSCRI\u00c7\u00c3O<\/a><\/div>\n<\/div>\n<\/div>\n\n\n\n<div class=\"wp-block-column is-layout-flow wp-block-column-is-layout-flow\">\n<figure class=\"wp-block-image size-full\"><img loading=\"lazy\" decoding=\"async\" width=\"1004\" height=\"835\" src=\"https:\/\/nuntiumbr.com.br\/wp-content\/uploads\/2023\/03\/ABT1A1-thumb.png\" alt=\"\" class=\"wp-image-668\" srcset=\"https:\/\/nuntiumbr.com.br\/wp-content\/uploads\/2023\/03\/ABT1A1-thumb.png 1004w, https:\/\/nuntiumbr.com.br\/wp-content\/uploads\/2023\/03\/ABT1A1-thumb-300x250.png 300w, https:\/\/nuntiumbr.com.br\/wp-content\/uploads\/2023\/03\/ABT1A1-thumb-768x639.png 768w, https:\/\/nuntiumbr.com.br\/wp-content\/uploads\/2023\/03\/ABT1A1-thumb-600x499.png 600w\" sizes=\"auto, (max-width: 1004px) 100vw, 1004px\" \/><\/figure>\n<\/div>\n<\/div>\n\n\n\n<div style=\"height:100px\" aria-hidden=\"true\" class=\"wp-block-spacer\"><\/div>\n\n\n\n<div class=\"wp-block-columns is-layout-flex wp-container-core-columns-is-layout-28f84493 wp-block-columns-is-layout-flex\">\n<div class=\"wp-block-column is-layout-flow wp-block-column-is-layout-flow\">\n<figure class=\"wp-block-image aligncenter size-large is-resized\"><img loading=\"lazy\" decoding=\"async\" src=\"https:\/\/nuntiumbr.com.br\/wp-content\/uploads\/2023\/03\/DSC_0051-678x1024.jpg\" alt=\"\" class=\"wp-image-675\" width=\"403\" height=\"608\" srcset=\"https:\/\/nuntiumbr.com.br\/wp-content\/uploads\/2023\/03\/DSC_0051-678x1024.jpg 678w, https:\/\/nuntiumbr.com.br\/wp-content\/uploads\/2023\/03\/DSC_0051-199x300.jpg 199w, https:\/\/nuntiumbr.com.br\/wp-content\/uploads\/2023\/03\/DSC_0051-768x1160.jpg 768w, https:\/\/nuntiumbr.com.br\/wp-content\/uploads\/2023\/03\/DSC_0051-600x906.jpg 600w, https:\/\/nuntiumbr.com.br\/wp-content\/uploads\/2023\/03\/DSC_0051.jpg 813w\" sizes=\"auto, (max-width: 403px) 100vw, 403px\" \/><\/figure>\n<\/div>\n\n\n\n<div class=\"wp-block-column is-layout-flow wp-block-column-is-layout-flow\">\n<h2 class=\"wp-block-heading\">Entenda como funciona o curso<\/h2>\n\n\n\n<blockquote class=\"wp-block-quote is-layout-flow wp-block-quote-is-layout-flow\">\n<p class=\"has-large-font-size\">Bom, como alguns de voc\u00eas j\u00e1 sabem, tem bom tempo que eu trabalho com cl\u00ednica m\u00e9dica e infectologia, e acredito que eu possa colaborar bastante durante a trajet\u00f3ria de voc\u00eas.<\/p>\n\n\n\n<p class=\"has-large-font-size\">A convite da empresa Nuntium estou lecionando esse curso h\u00e1 3 anos. J\u00e1 ajudei grandes turmas de m\u00e9dicos e estudantes em seu desenvolvimento na carreira e a quebrarem barreiras.<\/p>\n\n\n\n<p class=\"has-large-font-size\">Ent\u00e3o, se voc\u00ea n\u00e3o apenas quer fazer parte da medicina, mas tamb\u00e9m ter sucesso na sua jornada, basta clicar no bot\u00e3o abaixo para conhecer mais sobre a minha metodologia.<\/p>\n\n\n\n<div class=\"wp-block-buttons is-content-justification-center is-layout-flex wp-container-core-buttons-is-layout-a89b3969 wp-block-buttons-is-layout-flex\">\n<div class=\"wp-block-button has-custom-width wp-block-button__width-100 has-custom-font-size has-large-font-size\"><a class=\"wp-block-button__link has-vivid-cyan-blue-background-color has-background wp-element-button\" href=\"https:\/\/pay.hotmart.com\/P79922967A?sck=HOTMART_PRODUCT_PAGE&amp;off=zcz3febt&amp;bid=1679054232602&amp;_hi=eyJjaWQiOiIxNjc3MDA0ODY5NjU0MTgyMTk5NzMxNDI5NTQ2MDUwIiwiYmlkIjoiMTY3NzAwNDg2OTY1NDE4MjE5OTczMTQyOTU0NjA1MCIsInNpZCI6IjA1ZmJkNTIwNGVkMDQ5MzViZGRmOWVhMThmYzgwMDIwIn0=.1679090712932\" target=\"_blank\" rel=\"noreferrer noopener\"><strong>FAZER INSCRI\u00c7\u00c3O<\/strong><\/a><\/div>\n<\/div>\n<\/blockquote>\n<\/div>\n<\/div>\n\n\n\n<div class=\"wp-block-buttons is-content-justification-right is-layout-flex wp-container-core-buttons-is-layout-d445cf74 wp-block-buttons-is-layout-flex\"><\/div>\n\n\n\n<h1 class=\"has-text-align-center wp-block-heading\">O que voc\u00ea<\/h1>\n\n\n\n<h1 class=\"has-text-align-center has-vivid-cyan-blue-color has-text-color wp-block-heading\">vai aprender?<\/h1>\n\n\n\n<p><\/p>\n\n\n\n<div class=\"wp-block-columns is-layout-flex wp-container-core-columns-is-layout-28f84493 wp-block-columns-is-layout-flex\">\n<div class=\"wp-block-column is-layout-flow wp-block-column-is-layout-flow\">\n<div class=\"guten-element guten-button-wrapper guten-RmtcLM\"><a class=\"guten-button guten-button-sm\" href=\"#\"><span><\/span><\/a><\/div>\n<\/div>\n\n\n\n<div class=\"wp-block-column is-layout-flow wp-block-column-is-layout-flow\"><\/div>\n\n\n\n<div class=\"wp-block-column is-layout-flow wp-block-column-is-layout-flow\"><\/div>\n<\/div>\n","protected":false},"excerpt":{"rendered":"<p>Fundamentos de Antibioticoterapia Cl\u00ednica Totalmente online, muito claro, objetivo e de f\u00e1cil entendimento. Descubra como\u00a0obter os melhores resultados de tratamentos por antibioticoterapia\u00a0nesse curso. O curso de antibioticoterapia cl\u00ednica com o Prof Dr Igor Barcellos Precinoti foi pensado para voc\u00ea que tem interesse em elevar sua prescri\u00e7\u00e3o de antibi\u00f3ticos ao pr\u00f3ximo n\u00edvel. Inscreva-se agora! Entenda como funciona o curso Bom, como alguns de voc\u00eas j\u00e1 sabem, tem bom tempo que eu trabalho com cl\u00ednica m\u00e9dica e infectologia, e acredito que eu possa colaborar bastante durante a trajet\u00f3ria de voc\u00eas. A convite da empresa Nuntium estou lecionando esse curso h\u00e1 3 anos.<\/p>\n","protected":false},"author":1,"featured_media":663,"parent":0,"menu_order":0,"comment_status":"closed","ping_status":"closed","template":"","meta":{"footnotes":""},"class_list":["post-442","page","type-page","status-publish","has-post-thumbnail","hentry"],"jetpack_sharing_enabled":true,"_links":{"self":[{"href":"https:\/\/nuntiumbr.com.br\/index.php\/wp-json\/wp\/v2\/pages\/442","targetHints":{"allow":["GET"]}}],"collection":[{"href":"https:\/\/nuntiumbr.com.br\/index.php\/wp-json\/wp\/v2\/pages"}],"about":[{"href":"https:\/\/nuntiumbr.com.br\/index.php\/wp-json\/wp\/v2\/types\/page"}],"author":[{"embeddable":true,"href":"https:\/\/nuntiumbr.com.br\/index.php\/wp-json\/wp\/v2\/users\/1"}],"replies":[{"embeddable":true,"href":"https:\/\/nuntiumbr.com.br\/index.php\/wp-json\/wp\/v2\/comments?post=442"}],"version-history":[{"count":10,"href":"https:\/\/nuntiumbr.com.br\/index.php\/wp-json\/wp\/v2\/pages\/442\/revisions"}],"predecessor-version":[{"id":677,"href":"https:\/\/nuntiumbr.com.br\/index.php\/wp-json\/wp\/v2\/pages\/442\/revisions\/677"}],"wp:featuredmedia":[{"embeddable":true,"href":"https:\/\/nuntiumbr.com.br\/index.php\/wp-json\/wp\/v2\/media\/663"}],"wp:attachment":[{"href":"https:\/\/nuntiumbr.com.br\/index.php\/wp-json\/wp\/v2\/media?parent=442"}],"curies":[{"name":"wp","href":"https:\/\/api.w.org\/{rel}","templated":true}]}}