{"id":38,"date":"2022-08-07T13:36:08","date_gmt":"2022-08-07T13:36:08","guid":{"rendered":"https:\/\/nuntiumbr.com.br\/?page_id=38"},"modified":"2023-04-24T11:08:48","modified_gmt":"2023-04-24T14:08:48","slug":"cursos-e-treinamentos","status":"publish","type":"page","link":"https:\/\/nuntiumbr.com.br\/index.php\/cursos-e-treinamentos\/","title":{"rendered":"cursos e treinamentos"},"content":{"rendered":"\n<!-- Google Tag Manager (noscript) -->\n<noscript><iframe loading=\"lazy\" src=\"https:\/\/www.googletagmanager.com\/ns.html?id=GTM-TXT6SCB\" height=\"0\" width=\"0\" style=\"display:none;visibility:hidden\"><\/iframe><\/noscript>\n<!-- End Google Tag Manager (noscript) -->\n\n\n\n<h2 class=\"wp-block-heading has-text-align-center\">CURSOS E TREINAMENTOS<\/h2>\n\n\n\n<hr class=\"wp-block-separator has-alpha-channel-opacity\"\/>\n\n\n\n<div class=\"section-wrapper\" data-id=\"spRAIK\"><section class=\"wp-block-gutenverse-section guten-element guten-section guten-spRAIK layout-boxed align-stretch\"><div class=\"guten-background-overlay\"><\/div><div class=\"guten-shape-divider guten-shape-divider-top\"><\/div><div class=\"guten-shape-divider guten-shape-divider-bottom\"><\/div><div class=\"guten-container guten-column-gap-default\">\n<div class=\"wp-block-gutenverse-column guten-element guten-column guten-HuvqFc\"><div class=\"guten-background-overlay\"><\/div><div class=\"sticky-wrapper\" data-id=\"HuvqFc\"><div class=\"guten-column-wrapper\">\n<div class=\"guten-aCVTbq gutenverse-image-box guten-element style-default\"><div class=\"image-box-header\"><a class=\"\" href=\"https:\/\/cursos1664995111.kpages.online\/antibioticoterapiaclinica\" target=\"_blank\" rel=\"noreferrer noopener\"><img loading=\"lazy\" decoding=\"async\" class=\"gutenverse-image-box-filled\" src=\"https:\/\/nuntiumbr.com.br\/wp-content\/uploads\/2023\/04\/ABT1A1-thumb2.png\" height=\"600\" width=\"600\"\/><\/a><\/div><div class=\"image-box-body\"><div class=\"body-inner\"><h3 class=\"body-title icon-position-before\"><a class=\"\" href=\"https:\/\/cursos1664995111.kpages.online\/antibioticoterapiaclinica\" target=\"_blank\" rel=\"noreferrer noopener\"><i><\/i><span><span>Fundamentos de Antibioticoterapia Cl\u00ednica<\/span> (online)<\/span><\/a><\/h3><p class=\"body-description\">O curso de antibioticoterapia cl\u00ednica com o Prof Dr Igor Barcellos Precinoti foi pensado para voc\u00ea que tem interesse em elevar sua prescri\u00e7\u00e3o de antibi\u00f3ticos ao pr\u00f3ximo n\u00edvel. Inscreva-se agora!<br><br>Online, pela plataforma Hotmart<br>5 m\u00f3dulos<br>R$150,00<br><\/p>\n<div class=\"guten-element guten-button-wrapper guten-UoohOV\"><a class=\"guten-button guten-button-sm\" href=\"https:\/\/cursos1664995111.kpages.online\/antibioticoterapiaclinica\" target=\"_blank\" rel=\"noreferrer noopener\"><span>Saiba mais!<\/span><\/a><\/div>\n<\/div><\/div><\/div>\n<\/div><\/div><\/div>\n\n\n\n<div class=\"wp-block-gutenverse-column guten-element guten-column guten-O5P69c\"><div class=\"guten-background-overlay\"><\/div><div class=\"sticky-wrapper\" data-id=\"O5P69c\"><div class=\"guten-column-wrapper\">\n<figure class=\"wp-block-image aligncenter size-large\"><img loading=\"lazy\" decoding=\"async\" width=\"1024\" height=\"1024\" src=\"https:\/\/nuntiumbr.com.br\/wp-content\/uploads\/2022\/11\/banner-exam-laborat-vert3-1024x1024.png\" alt=\"\" class=\"wp-image-544\" srcset=\"https:\/\/nuntiumbr.com.br\/wp-content\/uploads\/2022\/11\/banner-exam-laborat-vert3-1024x1024.png 1024w, https:\/\/nuntiumbr.com.br\/wp-content\/uploads\/2022\/11\/banner-exam-laborat-vert3-300x300.png 300w, https:\/\/nuntiumbr.com.br\/wp-content\/uploads\/2022\/11\/banner-exam-laborat-vert3-100x100.png 100w, https:\/\/nuntiumbr.com.br\/wp-content\/uploads\/2022\/11\/banner-exam-laborat-vert3-600x600.png 600w, https:\/\/nuntiumbr.com.br\/wp-content\/uploads\/2022\/11\/banner-exam-laborat-vert3-150x150.png 150w, https:\/\/nuntiumbr.com.br\/wp-content\/uploads\/2022\/11\/banner-exam-laborat-vert3-768x768.png 768w, https:\/\/nuntiumbr.com.br\/wp-content\/uploads\/2022\/11\/banner-exam-laborat-vert3-1536x1536.png 1536w, https:\/\/nuntiumbr.com.br\/wp-content\/uploads\/2022\/11\/banner-exam-laborat-vert3-2048x2048.png 2048w, https:\/\/nuntiumbr.com.br\/wp-content\/uploads\/2022\/11\/banner-exam-laborat-vert3-1320x1320.png 1320w\" sizes=\"auto, (max-width: 1024px) 100vw, 1024px\" \/><\/figure>\n\n\n\n<h6 class=\"wp-block-heading has-text-align-center\">Interpreta\u00e7\u00e3o B\u00e1sica de Exames Laboratoriais<\/h6>\n\n\n\n<p class=\"has-text-align-center\">Investimento: R$55,00 &#8211; Data a ser definida.<\/p>\n<\/div><\/div><\/div>\n\n\n\n<div class=\"wp-block-gutenverse-column guten-element guten-column guten-3Obwch\"><div class=\"guten-background-overlay\"><\/div><div class=\"sticky-wrapper\" data-id=\"3Obwch\"><div class=\"guten-column-wrapper\">\n<figure class=\"wp-block-image aligncenter size-large is-resized\"><a href=\"https:\/\/nuntiumbr.com.br\/index.php\/antibioticoterapia-clinica\/\"><img loading=\"lazy\" decoding=\"async\" src=\"https:\/\/nuntiumbr.com.br\/wp-content\/uploads\/2022\/09\/antibiotic-vert-V7-1-1024x1024.png\" alt=\"\" class=\"wp-image-445\" width=\"336\" height=\"336\" srcset=\"https:\/\/nuntiumbr.com.br\/wp-content\/uploads\/2022\/09\/antibiotic-vert-V7-1-1024x1024.png 1024w, https:\/\/nuntiumbr.com.br\/wp-content\/uploads\/2022\/09\/antibiotic-vert-V7-1-300x300.png 300w, https:\/\/nuntiumbr.com.br\/wp-content\/uploads\/2022\/09\/antibiotic-vert-V7-1-100x100.png 100w, https:\/\/nuntiumbr.com.br\/wp-content\/uploads\/2022\/09\/antibiotic-vert-V7-1-600x600.png 600w, https:\/\/nuntiumbr.com.br\/wp-content\/uploads\/2022\/09\/antibiotic-vert-V7-1-150x150.png 150w, https:\/\/nuntiumbr.com.br\/wp-content\/uploads\/2022\/09\/antibiotic-vert-V7-1-768x768.png 768w, https:\/\/nuntiumbr.com.br\/wp-content\/uploads\/2022\/09\/antibiotic-vert-V7-1-1536x1536.png 1536w, https:\/\/nuntiumbr.com.br\/wp-content\/uploads\/2022\/09\/antibiotic-vert-V7-1-2048x2048.png 2048w\" sizes=\"auto, (max-width: 336px) 100vw, 336px\" \/><\/a><\/figure>\n\n\n\n<h6 class=\"wp-block-heading has-text-align-center\">Fundamentos em Antibioticoterapia Cl\u00ednica (presencial)<\/h6>\n\n\n\n<p class=\"has-text-align-center\">Investimento: &#8211;<\/p>\n\n\n\n<p><\/p>\n\n\n\n<p class=\"has-text-align-center\">Vagas: encerradas (<a href=\"https:\/\/nuntiumbr.com.br\/?page_id=453\" data-type=\"page\" data-id=\"453\">entre em contato<\/a>)<\/p>\n\n\n\n<div class=\"wp-block-buttons is-layout-flex wp-block-buttons-is-layout-flex\"><\/div>\n<\/div><\/div><\/div>\n<\/div><\/section><\/div>\n\n\n\n<div class=\"wp-block-columns is-layout-flex wp-container-core-columns-is-layout-28f84493 wp-block-columns-is-layout-flex\">\n<div class=\"wp-block-column is-layout-flow wp-block-column-is-layout-flow\">\n<h2 class=\"wp-block-heading has-text-align-center\">Fundamentos em Controle de Infec\u00e7\u00f5es Hopitalares<\/h2>\n\n\n\n<figure class=\"wp-block-image aligncenter size-large is-resized\"><img loading=\"lazy\" decoding=\"async\" src=\"https:\/\/nuntiumbr.com.br\/wp-content\/uploads\/2022\/08\/banner-inf-control-vert2-1024x1024.png\" alt=\"\" class=\"wp-image-105\" width=\"334\" height=\"334\" srcset=\"https:\/\/nuntiumbr.com.br\/wp-content\/uploads\/2022\/08\/banner-inf-control-vert2-1024x1024.png 1024w, https:\/\/nuntiumbr.com.br\/wp-content\/uploads\/2022\/08\/banner-inf-control-vert2-300x300.png 300w, https:\/\/nuntiumbr.com.br\/wp-content\/uploads\/2022\/08\/banner-inf-control-vert2-100x100.png 100w, https:\/\/nuntiumbr.com.br\/wp-content\/uploads\/2022\/08\/banner-inf-control-vert2-600x600.png 600w, https:\/\/nuntiumbr.com.br\/wp-content\/uploads\/2022\/08\/banner-inf-control-vert2-150x150.png 150w, https:\/\/nuntiumbr.com.br\/wp-content\/uploads\/2022\/08\/banner-inf-control-vert2-768x768.png 768w, https:\/\/nuntiumbr.com.br\/wp-content\/uploads\/2022\/08\/banner-inf-control-vert2-1536x1536.png 1536w, https:\/\/nuntiumbr.com.br\/wp-content\/uploads\/2022\/08\/banner-inf-control-vert2.png 1823w\" sizes=\"auto, (max-width: 334px) 100vw, 334px\" \/><\/figure>\n\n\n\n<p class=\"has-text-align-center\">Investimento: &#8211;<\/p>\n\n\n\n<p class=\"has-text-align-center\">Vagas: Encerradas (<a href=\"https:\/\/nuntiumbr.com.br\/?page_id=453\" data-type=\"page\" data-id=\"453\">entre em contato<\/a>)<\/p>\n\n\n\n<div class=\"wp-block-buttons is-layout-flex wp-block-buttons-is-layout-flex\">\n<div class=\"wp-block-button aligncenter\"><a class=\"wp-block-button__link wp-element-button\" href=\"https:\/\/nuntiumbr.com.br\/index.php\/biosseguranca\/\">Saiba mais<\/a><\/div>\n<\/div>\n<\/div>\n<\/div>\n","protected":false},"excerpt":{"rendered":"<p>CURSOS E TREINAMENTOS Fundamentos em Controle de Infec\u00e7\u00f5es Hopitalares Investimento: &#8211; Vagas: Encerradas (entre em contato)<\/p>\n","protected":false},"author":1,"featured_media":32,"parent":0,"menu_order":0,"comment_status":"closed","ping_status":"closed","template":"","meta":{"footnotes":""},"class_list":["post-38","page","type-page","status-publish","has-post-thumbnail","hentry"],"jetpack_sharing_enabled":true,"_links":{"self":[{"href":"https:\/\/nuntiumbr.com.br\/index.php\/wp-json\/wp\/v2\/pages\/38","targetHints":{"allow":["GET"]}}],"collection":[{"href":"https:\/\/nuntiumbr.com.br\/index.php\/wp-json\/wp\/v2\/pages"}],"about":[{"href":"https:\/\/nuntiumbr.com.br\/index.php\/wp-json\/wp\/v2\/types\/page"}],"author":[{"embeddable":true,"href":"https:\/\/nuntiumbr.com.br\/index.php\/wp-json\/wp\/v2\/users\/1"}],"replies":[{"embeddable":true,"href":"https:\/\/nuntiumbr.com.br\/index.php\/wp-json\/wp\/v2\/comments?post=38"}],"version-history":[{"count":38,"href":"https:\/\/nuntiumbr.com.br\/index.php\/wp-json\/wp\/v2\/pages\/38\/revisions"}],"predecessor-version":[{"id":683,"href":"https:\/\/nuntiumbr.com.br\/index.php\/wp-json\/wp\/v2\/pages\/38\/revisions\/683"}],"wp:featuredmedia":[{"embeddable":true,"href":"https:\/\/nuntiumbr.com.br\/index.php\/wp-json\/wp\/v2\/media\/32"}],"wp:attachment":[{"href":"https:\/\/nuntiumbr.com.br\/index.php\/wp-json\/wp\/v2\/media?parent=38"}],"curies":[{"name":"wp","href":"https:\/\/api.w.org\/{rel}","templated":true}]}}